
{"id":22068,"date":"2023-04-27T16:23:31","date_gmt":"2023-04-27T08:23:31","guid":{"rendered":"http:\/\/ntp.global-jt.com\/?post_type=product&#038;p=22068"},"modified":"2023-07-26T16:27:05","modified_gmt":"2023-07-26T08:27:05","slug":"newtop-258s-newtop-228w-horizontal-high-speed-intelligent-paper-cup-machine-4","status":"publish","type":"product","link":"https:\/\/en.debaochina.com\/portuguese\/produto\/newtop-258s-newtop-228w-horizontal-high-speed-intelligent-paper-cup-machine-4","title":{"rendered":"DEBAO-5000S HIGH SPEED INTELLIGENT PAPER CUP MACHINE"},"content":{"rendered":"<p><strong>Garantia de Qualidade Mec\u00e2nica<\/strong><br \/>\n1.Mechanical parts are guaranteed for 5 years, electrical parts and vulnerable parts are guaranteed for 1 year.<br \/>\n2.All parts on forming table are easy to access for maintenance.<br \/>\n3.All parts under forming table are lubricated by oil bath. Oil should be changed every 4-6 months with specified oil.<\/p>\n<p><strong>Efici\u00eancia de produ\u00e7\u00e3o<\/strong><br \/>\n1.Production output up to 96,000 cups per shift (8 hours), up to 7.7 million cups per month (3 shifts);<br \/>\n2.Percentage of pass is higher than 99% under normal production;<br \/>\n3.One operator can handle several machines at the same time.<\/p>\n<p><strong>Comportamento mec\u00e2nico<\/strong><br \/>\nNEWTOP-258S\/NEWTOP-228W horizontal type high speed intelligent paper cup machine adopts integrated layout on upper-side and lower-side of the table. The mold forming part is installed on the table, while the forming process is distributed around three independently driven turrets which are set in the way of 4-7-7 configuration. The main drive section under the table is connected by globoidal indexing cams and gears. The transmission parts are in a sealed-case and lubricated by spraying. The machine is controlled by PLC, the whole process is monitored by photoelectric sensors, feeding by sevro. This machine is good for making 8-22oz cold\/hot cups or 11-43oz cold\/hot bowls.<\/p>\n<p><em>Remark: the actual production capacity is affected by various of factors and the data above is only for reference.<\/em><\/p>","protected":false},"excerpt":{"rendered":"<p>Mechanical Quality Guarantee 1.Mechanical parts are guaranteed for 5 years, electrical parts and vulnerable parts are guaranteed for 1 year. 2.All parts on forming table are easy to access for&hellip;<\/p>","protected":false},"featured_media":22334,"template":"","meta":[],"product_cat":[72],"product_tag":[211],"class_list":{"0":"post-22068","1":"product","2":"type-product","3":"status-publish","4":"has-post-thumbnail","6":"product_cat-horizontal-high-speed-intelligent-paper-cup-machine","7":"product_tag-hot","9":"first","10":"instock","11":"shipping-taxable","12":"product-type-simple"},"yoast_head":"<!-- This site is optimized with the Yoast SEO plugin v24.0 - https:\/\/yoast.com\/wordpress\/plugins\/seo\/ -->\n<title>DEBAO-5000S HIGH SPEED INTELLIGENT PAPER CUP MACHINE - Zhejiang New Debao Machine<\/title>\n<meta name=\"robots\" content=\"index, follow, max-snippet:-1, max-image-preview:large, max-video-preview:-1\" \/>\n<link rel=\"canonical\" href=\"https:\/\/en.debaochina.com\/portuguese\/prodotto\/newtop-258s-newtop-228w-horizontal-high-speed-intelligent-paper-cup-machine-4\/\" \/>\n<meta property=\"og:locale\" content=\"pt_BR\" \/>\n<meta property=\"og:type\" content=\"article\" \/>\n<meta property=\"og:title\" content=\"DEBAO-5000S HIGH SPEED INTELLIGENT PAPER CUP MACHINE - Zhejiang New Debao Machine\" \/>\n<meta property=\"og:description\" content=\"Mechanical Quality Guarantee 1.Mechanical parts are guaranteed for 5 years, electrical parts and vulnerable parts are guaranteed for 1 year. 2.All parts on forming table are easy to access for&hellip;\" \/>\n<meta property=\"og:url\" content=\"https:\/\/en.debaochina.com\/portuguese\/prodotto\/newtop-258s-newtop-228w-horizontal-high-speed-intelligent-paper-cup-machine-4\/\" \/>\n<meta property=\"og:site_name\" content=\"Zhejiang New Debao Machine\" \/>\n<meta property=\"article:modified_time\" content=\"2023-07-26T08:27:05+00:00\" \/>\n<meta property=\"og:image\" content=\"https:\/\/i0.wp.com\/en.debaochina.com\/wp-content\/uploads\/2023\/04\/cp-1.jpg?fit=1500%2C1500&ssl=1\" \/>\n\t<meta property=\"og:image:width\" content=\"1500\" \/>\n\t<meta property=\"og:image:height\" content=\"1500\" \/>\n\t<meta property=\"og:image:type\" content=\"image\/jpeg\" \/>\n<meta name=\"twitter:card\" content=\"summary_large_image\" \/>\n<meta name=\"twitter:label1\" content=\"Est. tempo de leitura\" \/>\n\t<meta name=\"twitter:data1\" content=\"1 minuto\" \/>\n<script type=\"application\/ld+json\" class=\"yoast-schema-graph\">{\"@context\":\"https:\/\/schema.org\",\"@graph\":[{\"@type\":\"WebPage\",\"@id\":\"https:\/\/en.debaochina.com\/italian\/prodotto\/newtop-258s-newtop-228w-horizontal-high-speed-intelligent-paper-cup-machine-4\",\"url\":\"https:\/\/en.debaochina.com\/italian\/prodotto\/newtop-258s-newtop-228w-horizontal-high-speed-intelligent-paper-cup-machine-4\",\"name\":\"DEBAO-5000S HIGH SPEED INTELLIGENT PAPER CUP MACHINE - Zhejiang New Debao Machine\",\"isPartOf\":{\"@id\":\"https:\/\/en.debaochina.com\/#website\"},\"primaryImageOfPage\":{\"@id\":\"https:\/\/en.debaochina.com\/italian\/prodotto\/newtop-258s-newtop-228w-horizontal-high-speed-intelligent-paper-cup-machine-4#primaryimage\"},\"image\":{\"@id\":\"https:\/\/en.debaochina.com\/italian\/prodotto\/newtop-258s-newtop-228w-horizontal-high-speed-intelligent-paper-cup-machine-4#primaryimage\"},\"thumbnailUrl\":\"https:\/\/i0.wp.com\/en.debaochina.com\/wp-content\/uploads\/2023\/04\/cp-1.jpg?fit=1500%2C1500&ssl=1\",\"datePublished\":\"2023-04-27T08:23:31+00:00\",\"dateModified\":\"2023-07-26T08:27:05+00:00\",\"breadcrumb\":{\"@id\":\"https:\/\/en.debaochina.com\/italian\/prodotto\/newtop-258s-newtop-228w-horizontal-high-speed-intelligent-paper-cup-machine-4#breadcrumb\"},\"inLanguage\":\"pt-BR\",\"potentialAction\":[{\"@type\":\"ReadAction\",\"target\":[\"https:\/\/en.debaochina.com\/italian\/prodotto\/newtop-258s-newtop-228w-horizontal-high-speed-intelligent-paper-cup-machine-4\"]}]},{\"@type\":\"ImageObject\",\"inLanguage\":\"pt-BR\",\"@id\":\"https:\/\/en.debaochina.com\/italian\/prodotto\/newtop-258s-newtop-228w-horizontal-high-speed-intelligent-paper-cup-machine-4#primaryimage\",\"url\":\"https:\/\/i0.wp.com\/en.debaochina.com\/wp-content\/uploads\/2023\/04\/cp-1.jpg?fit=1500%2C1500&ssl=1\",\"contentUrl\":\"https:\/\/i0.wp.com\/en.debaochina.com\/wp-content\/uploads\/2023\/04\/cp-1.jpg?fit=1500%2C1500&ssl=1\",\"width\":1500,\"height\":1500},{\"@type\":\"BreadcrumbList\",\"@id\":\"https:\/\/en.debaochina.com\/italian\/prodotto\/newtop-258s-newtop-228w-horizontal-high-speed-intelligent-paper-cup-machine-4#breadcrumb\",\"itemListElement\":[{\"@type\":\"ListItem\",\"position\":1,\"name\":\"\u9996\u9875\",\"item\":\"https:\/\/en.debaochina.com\/\"},{\"@type\":\"ListItem\",\"position\":2,\"name\":\"Products\",\"item\":\"https:\/\/en.debaochina.com\/shop\"},{\"@type\":\"ListItem\",\"position\":3,\"name\":\"DEBAO-5000S HIGH SPEED INTELLIGENT PAPER CUP MACHINE\"}]},{\"@type\":\"WebSite\",\"@id\":\"https:\/\/en.debaochina.com\/#website\",\"url\":\"https:\/\/en.debaochina.com\/\",\"name\":\"Zhejiang New Debao Machine\",\"description\":\"\",\"publisher\":{\"@id\":\"https:\/\/en.debaochina.com\/#organization\"},\"potentialAction\":[{\"@type\":\"SearchAction\",\"target\":{\"@type\":\"EntryPoint\",\"urlTemplate\":\"https:\/\/en.debaochina.com\/?s={search_term_string}\"},\"query-input\":{\"@type\":\"PropertyValueSpecification\",\"valueRequired\":true,\"valueName\":\"search_term_string\"}}],\"inLanguage\":\"pt-BR\"},{\"@type\":\"Organization\",\"@id\":\"https:\/\/en.debaochina.com\/#organization\",\"name\":\"Zhejiang New Debao Machine\",\"url\":\"https:\/\/en.debaochina.com\/\",\"logo\":{\"@type\":\"ImageObject\",\"inLanguage\":\"pt-BR\",\"@id\":\"https:\/\/en.debaochina.com\/#\/schema\/logo\/image\/\",\"url\":\"https:\/\/i0.wp.com\/en.debaochina.com\/wp-content\/uploads\/2023\/04\/logo-1.png?fit=240%2C55&ssl=1\",\"contentUrl\":\"https:\/\/i0.wp.com\/en.debaochina.com\/wp-content\/uploads\/2023\/04\/logo-1.png?fit=240%2C55&ssl=1\",\"width\":240,\"height\":55,\"caption\":\"Zhejiang New Debao Machine\"},\"image\":{\"@id\":\"https:\/\/en.debaochina.com\/#\/schema\/logo\/image\/\"}}]}<\/script>\n<!-- \/ Yoast SEO plugin. -->","yoast_head_json":{"title":"DEBAO-5000S HIGH SPEED INTELLIGENT PAPER CUP MACHINE - Zhejiang New Debao Machine","robots":{"index":"index","follow":"follow","max-snippet":"max-snippet:-1","max-image-preview":"max-image-preview:large","max-video-preview":"max-video-preview:-1"},"canonical":"https:\/\/en.debaochina.com\/portuguese\/prodotto\/newtop-258s-newtop-228w-horizontal-high-speed-intelligent-paper-cup-machine-4\/","og_locale":"pt_BR","og_type":"article","og_title":"DEBAO-5000S HIGH SPEED INTELLIGENT PAPER CUP MACHINE - Zhejiang New Debao Machine","og_description":"Mechanical Quality Guarantee 1.Mechanical parts are guaranteed for 5 years, electrical parts and vulnerable parts are guaranteed for 1 year. 2.All parts on forming table are easy to access for&hellip;","og_url":"https:\/\/en.debaochina.com\/portuguese\/prodotto\/newtop-258s-newtop-228w-horizontal-high-speed-intelligent-paper-cup-machine-4\/","og_site_name":"Zhejiang New Debao Machine","article_modified_time":"2023-07-26T08:27:05+00:00","og_image":[{"width":1500,"height":1500,"url":"https:\/\/i0.wp.com\/en.debaochina.com\/wp-content\/uploads\/2023\/04\/cp-1.jpg?fit=1500%2C1500&ssl=1","type":"image\/jpeg"}],"twitter_card":"summary_large_image","twitter_misc":{"Est. tempo de leitura":"1 minuto"},"schema":{"@context":"https:\/\/schema.org","@graph":[{"@type":"WebPage","@id":"https:\/\/en.debaochina.com\/italian\/prodotto\/newtop-258s-newtop-228w-horizontal-high-speed-intelligent-paper-cup-machine-4","url":"https:\/\/en.debaochina.com\/italian\/prodotto\/newtop-258s-newtop-228w-horizontal-high-speed-intelligent-paper-cup-machine-4","name":"DEBAO-5000S HIGH SPEED INTELLIGENT PAPER CUP MACHINE - Zhejiang New Debao Machine","isPartOf":{"@id":"https:\/\/en.debaochina.com\/#website"},"primaryImageOfPage":{"@id":"https:\/\/en.debaochina.com\/italian\/prodotto\/newtop-258s-newtop-228w-horizontal-high-speed-intelligent-paper-cup-machine-4#primaryimage"},"image":{"@id":"https:\/\/en.debaochina.com\/italian\/prodotto\/newtop-258s-newtop-228w-horizontal-high-speed-intelligent-paper-cup-machine-4#primaryimage"},"thumbnailUrl":"https:\/\/i0.wp.com\/en.debaochina.com\/wp-content\/uploads\/2023\/04\/cp-1.jpg?fit=1500%2C1500&ssl=1","datePublished":"2023-04-27T08:23:31+00:00","dateModified":"2023-07-26T08:27:05+00:00","breadcrumb":{"@id":"https:\/\/en.debaochina.com\/italian\/prodotto\/newtop-258s-newtop-228w-horizontal-high-speed-intelligent-paper-cup-machine-4#breadcrumb"},"inLanguage":"pt-BR","potentialAction":[{"@type":"ReadAction","target":["https:\/\/en.debaochina.com\/italian\/prodotto\/newtop-258s-newtop-228w-horizontal-high-speed-intelligent-paper-cup-machine-4"]}]},{"@type":"ImageObject","inLanguage":"pt-BR","@id":"https:\/\/en.debaochina.com\/italian\/prodotto\/newtop-258s-newtop-228w-horizontal-high-speed-intelligent-paper-cup-machine-4#primaryimage","url":"https:\/\/i0.wp.com\/en.debaochina.com\/wp-content\/uploads\/2023\/04\/cp-1.jpg?fit=1500%2C1500&ssl=1","contentUrl":"https:\/\/i0.wp.com\/en.debaochina.com\/wp-content\/uploads\/2023\/04\/cp-1.jpg?fit=1500%2C1500&ssl=1","width":1500,"height":1500},{"@type":"BreadcrumbList","@id":"https:\/\/en.debaochina.com\/italian\/prodotto\/newtop-258s-newtop-228w-horizontal-high-speed-intelligent-paper-cup-machine-4#breadcrumb","itemListElement":[{"@type":"ListItem","position":1,"name":"\u9996\u9875","item":"https:\/\/en.debaochina.com\/"},{"@type":"ListItem","position":2,"name":"Products","item":"https:\/\/en.debaochina.com\/shop"},{"@type":"ListItem","position":3,"name":"DEBAO-5000S HIGH SPEED INTELLIGENT PAPER CUP MACHINE"}]},{"@type":"WebSite","@id":"https:\/\/en.debaochina.com\/#website","url":"https:\/\/en.debaochina.com\/","name":"Zhejiang New Debao Machine","description":"","publisher":{"@id":"https:\/\/en.debaochina.com\/#organization"},"potentialAction":[{"@type":"SearchAction","target":{"@type":"EntryPoint","urlTemplate":"https:\/\/en.debaochina.com\/?s={search_term_string}"},"query-input":{"@type":"PropertyValueSpecification","valueRequired":true,"valueName":"search_term_string"}}],"inLanguage":"pt-BR"},{"@type":"Organization","@id":"https:\/\/en.debaochina.com\/#organization","name":"Zhejiang New Debao Machine","url":"https:\/\/en.debaochina.com\/","logo":{"@type":"ImageObject","inLanguage":"pt-BR","@id":"https:\/\/en.debaochina.com\/#\/schema\/logo\/image\/","url":"https:\/\/i0.wp.com\/en.debaochina.com\/wp-content\/uploads\/2023\/04\/logo-1.png?fit=240%2C55&ssl=1","contentUrl":"https:\/\/i0.wp.com\/en.debaochina.com\/wp-content\/uploads\/2023\/04\/logo-1.png?fit=240%2C55&ssl=1","width":240,"height":55,"caption":"Zhejiang New Debao Machine"},"image":{"@id":"https:\/\/en.debaochina.com\/#\/schema\/logo\/image\/"}}]}},"_links":{"self":[{"href":"https:\/\/en.debaochina.com\/portuguese\/wp-json\/wp\/v2\/product\/22068","targetHints":{"allow":["GET"]}}],"collection":[{"href":"https:\/\/en.debaochina.com\/portuguese\/wp-json\/wp\/v2\/product"}],"about":[{"href":"https:\/\/en.debaochina.com\/portuguese\/wp-json\/wp\/v2\/types\/product"}],"wp:featuredmedia":[{"embeddable":true,"href":"https:\/\/en.debaochina.com\/portuguese\/wp-json\/wp\/v2\/media\/22334"}],"wp:attachment":[{"href":"https:\/\/en.debaochina.com\/portuguese\/wp-json\/wp\/v2\/media?parent=22068"}],"wp:term":[{"taxonomy":"product_cat","embeddable":true,"href":"https:\/\/en.debaochina.com\/portuguese\/wp-json\/wp\/v2\/product_cat?post=22068"},{"taxonomy":"product_tag","embeddable":true,"href":"https:\/\/en.debaochina.com\/portuguese\/wp-json\/wp\/v2\/product_tag?post=22068"}],"curies":[{"name":"wp","href":"https:\/\/api.w.org\/{rel}","templated":true}]}}