
{"id":21671,"date":"2023-04-20T13:18:24","date_gmt":"2023-04-20T05:18:24","guid":{"rendered":"http:\/\/ntp.global-jt.com\/?post_type=product&#038;p=21671"},"modified":"2025-06-23T09:38:27","modified_gmt":"2025-06-23T01:38:27","slug":"newtop-fb100s-servo-paper-cup-machine","status":"publish","type":"product","link":"https:\/\/en.debaochina.com\/portuguese\/produto\/newtop-fb100s-servo-paper-cup-machine","title":{"rendered":"NEWTOP-FB100S SERVO PAPER CUP MACHINE"},"content":{"rendered":"<p><iframe title=\"YouTube video player\" src=\"https:\/\/www.youtube.com\/embed\/PcbHepVANkA\" width=\"100%\" height=\"600px\" frameborder=\"0\" allowfullscreen=\"allowfullscreen\"><span data-mce-type=\"bookmark\" style=\"display: inline-block; width: 0px; overflow: hidden; line-height: 0;\" class=\"mce_SELRES_start\"><\/span><span data-mce-type=\"bookmark\" style=\"display: inline-block; width: 0px; overflow: hidden; line-height: 0;\" class=\"mce_SELRES_start\"><\/span><span data-mce-type=\"bookmark\" style=\"display: inline-block; width: 0px; overflow: hidden; line-height: 0;\" class=\"mce_SELRES_start\"><\/span><\/iframe><\/p>\n<p>&nbsp;<\/p>\n<p><strong>Garantia de Qualidade Mec\u00e2nica<\/strong><br \/>\n1.Mechanical parts are guaranteed for 5 years, electrical parts and vulnerable parts are guaranteed for 1 year.<br \/>\n2.All parts on forming table are easy to access for maintenance.<br \/>\n3.All parts under forming table are lubricated by oil bath. Oil should be changed every 4-6 months with specified oil.<\/p>\n<p><strong>Efici\u00eancia de produ\u00e7\u00e3o<\/strong><br \/>\n1.Production output up to 96,000 cups per shift (8 hours), up to 7.7 million cups per month (3 shifts);<br \/>\n2.Percentage of pass is higher than 99% under normal production;<br \/>\n3.One operator can handle several machines at the same time.<\/p>\n<p>&nbsp;<\/p>\n<table>\n<tbody>\n<tr style=\"height: 13.50pt;\">\n<td class=\"et2\" style=\"height: 13.50pt; width: 269.25pt;\" width=\"359\" height=\"18\">Modelo<\/td>\n<td style=\"width: 230.25pt;\" width=\"307\">NEWTOP-FB100S<\/td>\n<\/tr>\n<tr style=\"height: 13.50pt;\">\n<td class=\"et2\" style=\"height: 13.50pt;\" height=\"18\">Peso<\/td>\n<td>2000kg<\/td>\n<\/tr>\n<tr style=\"height: 13.50pt;\">\n<td class=\"et2\" style=\"height: 13.50pt;\" height=\"18\">Dimens\u00f5es da carca\u00e7a da m\u00e1quina<\/td>\n<td>2200x1500x2000mm<\/td>\n<\/tr>\n<tr style=\"height: 13.50pt;\">\n<td class=\"et2\" style=\"height: 13.50pt;\" height=\"18\">Especifica\u00e7\u00f5es da embalagem do suporte para contagem de x\u00edcaras<\/td>\n<td>1230x610x1900mm<\/td>\n<\/tr>\n<tr style=\"height: 13.50pt;\">\n<td class=\"et2\" style=\"height: 13.50pt;\" height=\"18\">Pot\u00eancia nominal<\/td>\n<td>Three-phase 380V\u300122KW<\/td>\n<\/tr>\n<tr style=\"height: 13.50pt;\">\n<td class=\"et2\" style=\"height: 13.50pt;\" height=\"18\">Ar comprimido<\/td>\n<td>0.5-0.7MPa\u30010.5m3\/min<\/td>\n<\/tr>\n<tr style=\"height: 13.50pt;\">\n<td class=\"et2\" style=\"height: 13.50pt;\" height=\"18\">Capacidade m\u00e1xima<\/td>\n<td>170pcs\/min<\/td>\n<\/tr>\n<tr style=\"height: 13.50pt;\">\n<td class=\"et2\" style=\"height: 13.50pt;\" height=\"18\">Materiais de papel<\/td>\n<td>Single PE<\/td>\n<\/tr>\n<tr style=\"height: 13.50pt;\">\n<td class=\"et2\" style=\"height: 13.50pt;\" height=\"18\">Espessura do papel<\/td>\n<td>0.22-0.35mm<\/td>\n<\/tr>\n<tr style=\"height: 13.50pt;\">\n<td class=\"et2\" style=\"height: 27.00pt;\" rowspan=\"2\" height=\"36\">Gama de produtos<\/td>\n<td>(D1) \u03c650-80mm (H)40-90mm<\/p>\n<p>(D2) \u03c635 56mm (H)5-8mm<\/td>\n<\/tr>\n<\/tbody>\n<\/table>\n<p>&nbsp;<\/p>\n<p><em>Remark: the actual production capacity is affected by various of factors and the data above is only for reference.<\/em><\/p>","protected":false},"excerpt":{"rendered":"<p><strong>Comportamento mec\u00e2nico<\/strong><br \/>\nNEWTOP-FB100S servo paper cup machine is an efficient, intelligent and environmentally friendly paper cup forming machine. It adopts digital control mode and uses servo motor to control the paper cup forming process with high precision to achieve fast, accurate and stable paper cup forming effect. The control part integrates various techniques such as Ethernet real-time control technology,distributed clock mechanism, electronic cam technology and common DC bus to control efficiently stably and precisely. This machine is good for making 2.5-10oz paper cups, and the production speed can reach up to 170pcs\/min.<br \/>\n<a class=\"pr-button\" href=\"\/portuguese\/contact\/\"><span class=\"sc_button_text\"><span class=\"sc_button_title\">Investiga\u00e7\u00e3o<\/span><\/span><\/a><\/p>","protected":false},"featured_media":24993,"template":"","meta":[],"product_cat":[212],"product_tag":[211],"class_list":{"0":"post-21671","1":"product","2":"type-product","3":"status-publish","4":"has-post-thumbnail","6":"product_cat-servo-paper-cup-machine","7":"product_tag-hot","9":"first","10":"instock","11":"shipping-taxable","12":"product-type-simple"},"yoast_head":"<!-- This site is optimized with the Yoast SEO plugin v24.0 - https:\/\/yoast.com\/wordpress\/plugins\/seo\/ -->\n<title>FB100S - Korean paper cup machine manufacturers<\/title>\n<meta name=\"description\" content=\"FB100S servo paper cup machine, manufactured by Korean paper cup machine manufacturers, is an efficient, intelligent, paper cup forming machine.\" \/>\n<meta name=\"robots\" content=\"index, follow, max-snippet:-1, max-image-preview:large, max-video-preview:-1\" \/>\n<link rel=\"canonical\" href=\"https:\/\/en.debaochina.com\/portuguese\/produto\/newtop-fb100s-servo-paper-cup-machine\/\" \/>\n<meta property=\"og:locale\" content=\"pt_BR\" \/>\n<meta property=\"og:type\" content=\"article\" \/>\n<meta property=\"og:title\" content=\"FB100S - Korean paper cup machine manufacturers\" \/>\n<meta property=\"og:description\" content=\"FB100S servo paper cup machine, manufactured by Korean paper cup machine manufacturers, is an efficient, intelligent, paper cup forming machine.\" \/>\n<meta property=\"og:url\" content=\"https:\/\/en.debaochina.com\/portuguese\/produto\/newtop-fb100s-servo-paper-cup-machine\/\" \/>\n<meta property=\"og:site_name\" content=\"Zhejiang New Debao Machine\" \/>\n<meta property=\"article:modified_time\" content=\"2025-06-23T01:38:27+00:00\" \/>\n<meta property=\"og:image\" content=\"http:\/\/en.debaochina.com\/wp-content\/uploads\/2025\/06\/FB100S.jpg\" \/>\n\t<meta property=\"og:image:width\" content=\"1500\" \/>\n\t<meta property=\"og:image:height\" content=\"1500\" \/>\n\t<meta property=\"og:image:type\" content=\"image\/jpeg\" \/>\n<meta name=\"twitter:card\" content=\"summary_large_image\" \/>\n<meta name=\"twitter:label1\" content=\"Est. tempo de leitura\" \/>\n\t<meta name=\"twitter:data1\" content=\"1 minuto\" \/>\n<script type=\"application\/ld+json\" class=\"yoast-schema-graph\">{\"@context\":\"https:\/\/schema.org\",\"@graph\":[{\"@type\":\"WebPage\",\"@id\":\"https:\/\/en.debaochina.com\/product\/newtop-fb100s-servo-paper-cup-machine\",\"url\":\"https:\/\/en.debaochina.com\/product\/newtop-fb100s-servo-paper-cup-machine\",\"name\":\"FB100S - Korean paper cup machine manufacturers\",\"isPartOf\":{\"@id\":\"https:\/\/en.debaochina.com\/#website\"},\"primaryImageOfPage\":{\"@id\":\"https:\/\/en.debaochina.com\/product\/newtop-fb100s-servo-paper-cup-machine#primaryimage\"},\"image\":{\"@id\":\"https:\/\/en.debaochina.com\/product\/newtop-fb100s-servo-paper-cup-machine#primaryimage\"},\"thumbnailUrl\":\"https:\/\/i0.wp.com\/en.debaochina.com\/wp-content\/uploads\/2025\/06\/FB100S.jpg?fit=1500%2C1500&ssl=1\",\"datePublished\":\"2023-04-20T05:18:24+00:00\",\"dateModified\":\"2025-06-23T01:38:27+00:00\",\"description\":\"FB100S servo paper cup machine, manufactured by Korean paper cup machine manufacturers, is an efficient, intelligent, paper cup forming machine.\",\"breadcrumb\":{\"@id\":\"https:\/\/en.debaochina.com\/product\/newtop-fb100s-servo-paper-cup-machine#breadcrumb\"},\"inLanguage\":\"pt-BR\",\"potentialAction\":[{\"@type\":\"ReadAction\",\"target\":[\"https:\/\/en.debaochina.com\/product\/newtop-fb100s-servo-paper-cup-machine\"]}]},{\"@type\":\"ImageObject\",\"inLanguage\":\"pt-BR\",\"@id\":\"https:\/\/en.debaochina.com\/product\/newtop-fb100s-servo-paper-cup-machine#primaryimage\",\"url\":\"https:\/\/i0.wp.com\/en.debaochina.com\/wp-content\/uploads\/2025\/06\/FB100S.jpg?fit=1500%2C1500&ssl=1\",\"contentUrl\":\"https:\/\/i0.wp.com\/en.debaochina.com\/wp-content\/uploads\/2025\/06\/FB100S.jpg?fit=1500%2C1500&ssl=1\",\"width\":1500,\"height\":1500},{\"@type\":\"BreadcrumbList\",\"@id\":\"https:\/\/en.debaochina.com\/product\/newtop-fb100s-servo-paper-cup-machine#breadcrumb\",\"itemListElement\":[{\"@type\":\"ListItem\",\"position\":1,\"name\":\"\u9996\u9875\",\"item\":\"https:\/\/en.debaochina.com\/\"},{\"@type\":\"ListItem\",\"position\":2,\"name\":\"Products\",\"item\":\"https:\/\/en.debaochina.com\/shop\"},{\"@type\":\"ListItem\",\"position\":3,\"name\":\"NEWTOP-FB100S SERVO PAPER CUP MACHINE\"}]},{\"@type\":\"WebSite\",\"@id\":\"https:\/\/en.debaochina.com\/#website\",\"url\":\"https:\/\/en.debaochina.com\/\",\"name\":\"Zhejiang New Debao Machine\",\"description\":\"\",\"publisher\":{\"@id\":\"https:\/\/en.debaochina.com\/#organization\"},\"potentialAction\":[{\"@type\":\"SearchAction\",\"target\":{\"@type\":\"EntryPoint\",\"urlTemplate\":\"https:\/\/en.debaochina.com\/?s={search_term_string}\"},\"query-input\":{\"@type\":\"PropertyValueSpecification\",\"valueRequired\":true,\"valueName\":\"search_term_string\"}}],\"inLanguage\":\"pt-BR\"},{\"@type\":\"Organization\",\"@id\":\"https:\/\/en.debaochina.com\/#organization\",\"name\":\"Zhejiang New Debao Machine\",\"url\":\"https:\/\/en.debaochina.com\/\",\"logo\":{\"@type\":\"ImageObject\",\"inLanguage\":\"pt-BR\",\"@id\":\"https:\/\/en.debaochina.com\/#\/schema\/logo\/image\/\",\"url\":\"https:\/\/i0.wp.com\/en.debaochina.com\/wp-content\/uploads\/2023\/04\/logo-1.png?fit=240%2C55&ssl=1\",\"contentUrl\":\"https:\/\/i0.wp.com\/en.debaochina.com\/wp-content\/uploads\/2023\/04\/logo-1.png?fit=240%2C55&ssl=1\",\"width\":240,\"height\":55,\"caption\":\"Zhejiang New Debao Machine\"},\"image\":{\"@id\":\"https:\/\/en.debaochina.com\/#\/schema\/logo\/image\/\"}}]}<\/script>\n<!-- \/ Yoast SEO plugin. -->","yoast_head_json":{"title":"FB100S - Korean paper cup machine manufacturers","description":"FB100S servo paper cup machine, manufactured by Korean paper cup machine manufacturers, is an efficient, intelligent, paper cup forming machine.","robots":{"index":"index","follow":"follow","max-snippet":"max-snippet:-1","max-image-preview":"max-image-preview:large","max-video-preview":"max-video-preview:-1"},"canonical":"https:\/\/en.debaochina.com\/portuguese\/produto\/newtop-fb100s-servo-paper-cup-machine\/","og_locale":"pt_BR","og_type":"article","og_title":"FB100S - Korean paper cup machine manufacturers","og_description":"FB100S servo paper cup machine, manufactured by Korean paper cup machine manufacturers, is an efficient, intelligent, paper cup forming machine.","og_url":"https:\/\/en.debaochina.com\/portuguese\/produto\/newtop-fb100s-servo-paper-cup-machine\/","og_site_name":"Zhejiang New Debao Machine","article_modified_time":"2025-06-23T01:38:27+00:00","og_image":[{"width":1500,"height":1500,"url":"http:\/\/en.debaochina.com\/wp-content\/uploads\/2025\/06\/FB100S.jpg","type":"image\/jpeg"}],"twitter_card":"summary_large_image","twitter_misc":{"Est. tempo de leitura":"1 minuto"},"schema":{"@context":"https:\/\/schema.org","@graph":[{"@type":"WebPage","@id":"https:\/\/en.debaochina.com\/product\/newtop-fb100s-servo-paper-cup-machine","url":"https:\/\/en.debaochina.com\/product\/newtop-fb100s-servo-paper-cup-machine","name":"FB100S - Korean paper cup machine manufacturers","isPartOf":{"@id":"https:\/\/en.debaochina.com\/#website"},"primaryImageOfPage":{"@id":"https:\/\/en.debaochina.com\/product\/newtop-fb100s-servo-paper-cup-machine#primaryimage"},"image":{"@id":"https:\/\/en.debaochina.com\/product\/newtop-fb100s-servo-paper-cup-machine#primaryimage"},"thumbnailUrl":"https:\/\/i0.wp.com\/en.debaochina.com\/wp-content\/uploads\/2025\/06\/FB100S.jpg?fit=1500%2C1500&ssl=1","datePublished":"2023-04-20T05:18:24+00:00","dateModified":"2025-06-23T01:38:27+00:00","description":"FB100S servo paper cup machine, manufactured by Korean paper cup machine manufacturers, is an efficient, intelligent, paper cup forming machine.","breadcrumb":{"@id":"https:\/\/en.debaochina.com\/product\/newtop-fb100s-servo-paper-cup-machine#breadcrumb"},"inLanguage":"pt-BR","potentialAction":[{"@type":"ReadAction","target":["https:\/\/en.debaochina.com\/product\/newtop-fb100s-servo-paper-cup-machine"]}]},{"@type":"ImageObject","inLanguage":"pt-BR","@id":"https:\/\/en.debaochina.com\/product\/newtop-fb100s-servo-paper-cup-machine#primaryimage","url":"https:\/\/i0.wp.com\/en.debaochina.com\/wp-content\/uploads\/2025\/06\/FB100S.jpg?fit=1500%2C1500&ssl=1","contentUrl":"https:\/\/i0.wp.com\/en.debaochina.com\/wp-content\/uploads\/2025\/06\/FB100S.jpg?fit=1500%2C1500&ssl=1","width":1500,"height":1500},{"@type":"BreadcrumbList","@id":"https:\/\/en.debaochina.com\/product\/newtop-fb100s-servo-paper-cup-machine#breadcrumb","itemListElement":[{"@type":"ListItem","position":1,"name":"\u9996\u9875","item":"https:\/\/en.debaochina.com\/"},{"@type":"ListItem","position":2,"name":"Products","item":"https:\/\/en.debaochina.com\/shop"},{"@type":"ListItem","position":3,"name":"NEWTOP-FB100S SERVO PAPER CUP MACHINE"}]},{"@type":"WebSite","@id":"https:\/\/en.debaochina.com\/#website","url":"https:\/\/en.debaochina.com\/","name":"Zhejiang New Debao Machine","description":"","publisher":{"@id":"https:\/\/en.debaochina.com\/#organization"},"potentialAction":[{"@type":"SearchAction","target":{"@type":"EntryPoint","urlTemplate":"https:\/\/en.debaochina.com\/?s={search_term_string}"},"query-input":{"@type":"PropertyValueSpecification","valueRequired":true,"valueName":"search_term_string"}}],"inLanguage":"pt-BR"},{"@type":"Organization","@id":"https:\/\/en.debaochina.com\/#organization","name":"Zhejiang New Debao Machine","url":"https:\/\/en.debaochina.com\/","logo":{"@type":"ImageObject","inLanguage":"pt-BR","@id":"https:\/\/en.debaochina.com\/#\/schema\/logo\/image\/","url":"https:\/\/i0.wp.com\/en.debaochina.com\/wp-content\/uploads\/2023\/04\/logo-1.png?fit=240%2C55&ssl=1","contentUrl":"https:\/\/i0.wp.com\/en.debaochina.com\/wp-content\/uploads\/2023\/04\/logo-1.png?fit=240%2C55&ssl=1","width":240,"height":55,"caption":"Zhejiang New Debao Machine"},"image":{"@id":"https:\/\/en.debaochina.com\/#\/schema\/logo\/image\/"}}]}},"_links":{"self":[{"href":"https:\/\/en.debaochina.com\/portuguese\/wp-json\/wp\/v2\/product\/21671","targetHints":{"allow":["GET"]}}],"collection":[{"href":"https:\/\/en.debaochina.com\/portuguese\/wp-json\/wp\/v2\/product"}],"about":[{"href":"https:\/\/en.debaochina.com\/portuguese\/wp-json\/wp\/v2\/types\/product"}],"wp:featuredmedia":[{"embeddable":true,"href":"https:\/\/en.debaochina.com\/portuguese\/wp-json\/wp\/v2\/media\/24993"}],"wp:attachment":[{"href":"https:\/\/en.debaochina.com\/portuguese\/wp-json\/wp\/v2\/media?parent=21671"}],"wp:term":[{"taxonomy":"product_cat","embeddable":true,"href":"https:\/\/en.debaochina.com\/portuguese\/wp-json\/wp\/v2\/product_cat?post=21671"},{"taxonomy":"product_tag","embeddable":true,"href":"https:\/\/en.debaochina.com\/portuguese\/wp-json\/wp\/v2\/product_tag?post=21671"}],"curies":[{"name":"wp","href":"https:\/\/api.w.org\/{rel}","templated":true}]}}