
{"id":22429,"date":"2023-08-15T17:29:59","date_gmt":"2023-08-15T09:29:59","guid":{"rendered":"http:\/\/ntp.global-jt.com\/?page_id=22429"},"modified":"2023-08-15T17:30:31","modified_gmt":"2023-08-15T09:30:31","slug":"debug-video","status":"publish","type":"page","link":"https:\/\/en.debaochina.com\/portuguese\/service\/debug-video","title":{"rendered":"V\u00eddeo de depura\u00e7\u00e3o"},"content":{"rendered":"","protected":false},"excerpt":{"rendered":"","protected":false},"author":1,"featured_media":0,"parent":18841,"menu_order":0,"comment_status":"closed","ping_status":"closed","template":"","meta":{"footnotes":""},"class_list":["post-22429","page","type-page","status-publish","hentry"],"yoast_head":"<!-- This site is optimized with the Yoast SEO plugin v24.0 - https:\/\/yoast.com\/wordpress\/plugins\/seo\/ -->\n<title>Debug video - Zhejiang New Debao Machine<\/title>\n<meta name=\"robots\" content=\"index, follow, max-snippet:-1, max-image-preview:large, max-video-preview:-1\" \/>\n<link rel=\"canonical\" href=\"https:\/\/en.debaochina.com\/portuguese\/service\/debug-video\/\" \/>\n<meta property=\"og:locale\" content=\"pt_BR\" \/>\n<meta property=\"og:type\" content=\"article\" \/>\n<meta property=\"og:title\" content=\"Debug video - Zhejiang New Debao Machine\" \/>\n<meta property=\"og:url\" content=\"https:\/\/en.debaochina.com\/portuguese\/service\/debug-video\/\" \/>\n<meta property=\"og:site_name\" content=\"Zhejiang New Debao Machine\" \/>\n<meta property=\"article:modified_time\" content=\"2023-08-15T09:30:31+00:00\" \/>\n<meta name=\"twitter:card\" content=\"summary_large_image\" \/>\n<script type=\"application\/ld+json\" class=\"yoast-schema-graph\">{\"@context\":\"https:\/\/schema.org\",\"@graph\":[{\"@type\":\"WebPage\",\"@id\":\"https:\/\/en.debaochina.com\/service\/debug-video\",\"url\":\"https:\/\/en.debaochina.com\/service\/debug-video\",\"name\":\"Debug video - Zhejiang New Debao Machine\",\"isPartOf\":{\"@id\":\"https:\/\/en.debaochina.com\/#website\"},\"datePublished\":\"2023-08-15T09:29:59+00:00\",\"dateModified\":\"2023-08-15T09:30:31+00:00\",\"breadcrumb\":{\"@id\":\"https:\/\/en.debaochina.com\/service\/debug-video#breadcrumb\"},\"inLanguage\":\"pt-BR\",\"potentialAction\":[{\"@type\":\"ReadAction\",\"target\":[\"https:\/\/en.debaochina.com\/service\/debug-video\"]}]},{\"@type\":\"BreadcrumbList\",\"@id\":\"https:\/\/en.debaochina.com\/service\/debug-video#breadcrumb\",\"itemListElement\":[{\"@type\":\"ListItem\",\"position\":1,\"name\":\"\u9996\u9875\",\"item\":\"https:\/\/en.debaochina.com\/\"},{\"@type\":\"ListItem\",\"position\":2,\"name\":\"Service\",\"item\":\"https:\/\/en.debaochina.com\/service\"},{\"@type\":\"ListItem\",\"position\":3,\"name\":\"Debug video\"}]},{\"@type\":\"WebSite\",\"@id\":\"https:\/\/en.debaochina.com\/#website\",\"url\":\"https:\/\/en.debaochina.com\/\",\"name\":\"Zhejiang New Debao Machine\",\"description\":\"\",\"publisher\":{\"@id\":\"https:\/\/en.debaochina.com\/#organization\"},\"potentialAction\":[{\"@type\":\"SearchAction\",\"target\":{\"@type\":\"EntryPoint\",\"urlTemplate\":\"https:\/\/en.debaochina.com\/?s={search_term_string}\"},\"query-input\":{\"@type\":\"PropertyValueSpecification\",\"valueRequired\":true,\"valueName\":\"search_term_string\"}}],\"inLanguage\":\"pt-BR\"},{\"@type\":\"Organization\",\"@id\":\"https:\/\/en.debaochina.com\/#organization\",\"name\":\"Zhejiang New Debao Machine\",\"url\":\"https:\/\/en.debaochina.com\/\",\"logo\":{\"@type\":\"ImageObject\",\"inLanguage\":\"pt-BR\",\"@id\":\"https:\/\/en.debaochina.com\/#\/schema\/logo\/image\/\",\"url\":\"https:\/\/i0.wp.com\/en.debaochina.com\/wp-content\/uploads\/2023\/04\/logo-1.png?fit=240%2C55&ssl=1\",\"contentUrl\":\"https:\/\/i0.wp.com\/en.debaochina.com\/wp-content\/uploads\/2023\/04\/logo-1.png?fit=240%2C55&ssl=1\",\"width\":240,\"height\":55,\"caption\":\"Zhejiang New Debao Machine\"},\"image\":{\"@id\":\"https:\/\/en.debaochina.com\/#\/schema\/logo\/image\/\"}}]}<\/script>\n<!-- \/ Yoast SEO plugin. -->","yoast_head_json":{"title":"Debug video - Zhejiang New Debao Machine","robots":{"index":"index","follow":"follow","max-snippet":"max-snippet:-1","max-image-preview":"max-image-preview:large","max-video-preview":"max-video-preview:-1"},"canonical":"https:\/\/en.debaochina.com\/portuguese\/service\/debug-video\/","og_locale":"pt_BR","og_type":"article","og_title":"Debug video - Zhejiang New Debao Machine","og_url":"https:\/\/en.debaochina.com\/portuguese\/service\/debug-video\/","og_site_name":"Zhejiang New Debao Machine","article_modified_time":"2023-08-15T09:30:31+00:00","twitter_card":"summary_large_image","schema":{"@context":"https:\/\/schema.org","@graph":[{"@type":"WebPage","@id":"https:\/\/en.debaochina.com\/service\/debug-video","url":"https:\/\/en.debaochina.com\/service\/debug-video","name":"Debug video - Zhejiang New Debao Machine","isPartOf":{"@id":"https:\/\/en.debaochina.com\/#website"},"datePublished":"2023-08-15T09:29:59+00:00","dateModified":"2023-08-15T09:30:31+00:00","breadcrumb":{"@id":"https:\/\/en.debaochina.com\/service\/debug-video#breadcrumb"},"inLanguage":"pt-BR","potentialAction":[{"@type":"ReadAction","target":["https:\/\/en.debaochina.com\/service\/debug-video"]}]},{"@type":"BreadcrumbList","@id":"https:\/\/en.debaochina.com\/service\/debug-video#breadcrumb","itemListElement":[{"@type":"ListItem","position":1,"name":"\u9996\u9875","item":"https:\/\/en.debaochina.com\/"},{"@type":"ListItem","position":2,"name":"Service","item":"https:\/\/en.debaochina.com\/service"},{"@type":"ListItem","position":3,"name":"Debug video"}]},{"@type":"WebSite","@id":"https:\/\/en.debaochina.com\/#website","url":"https:\/\/en.debaochina.com\/","name":"Zhejiang New Debao Machine","description":"","publisher":{"@id":"https:\/\/en.debaochina.com\/#organization"},"potentialAction":[{"@type":"SearchAction","target":{"@type":"EntryPoint","urlTemplate":"https:\/\/en.debaochina.com\/?s={search_term_string}"},"query-input":{"@type":"PropertyValueSpecification","valueRequired":true,"valueName":"search_term_string"}}],"inLanguage":"pt-BR"},{"@type":"Organization","@id":"https:\/\/en.debaochina.com\/#organization","name":"Zhejiang New Debao Machine","url":"https:\/\/en.debaochina.com\/","logo":{"@type":"ImageObject","inLanguage":"pt-BR","@id":"https:\/\/en.debaochina.com\/#\/schema\/logo\/image\/","url":"https:\/\/i0.wp.com\/en.debaochina.com\/wp-content\/uploads\/2023\/04\/logo-1.png?fit=240%2C55&ssl=1","contentUrl":"https:\/\/i0.wp.com\/en.debaochina.com\/wp-content\/uploads\/2023\/04\/logo-1.png?fit=240%2C55&ssl=1","width":240,"height":55,"caption":"Zhejiang New Debao Machine"},"image":{"@id":"https:\/\/en.debaochina.com\/#\/schema\/logo\/image\/"}}]}},"_links":{"self":[{"href":"https:\/\/en.debaochina.com\/portuguese\/wp-json\/wp\/v2\/pages\/22429","targetHints":{"allow":["GET"]}}],"collection":[{"href":"https:\/\/en.debaochina.com\/portuguese\/wp-json\/wp\/v2\/pages"}],"about":[{"href":"https:\/\/en.debaochina.com\/portuguese\/wp-json\/wp\/v2\/types\/page"}],"author":[{"embeddable":true,"href":"https:\/\/en.debaochina.com\/portuguese\/wp-json\/wp\/v2\/users\/1"}],"replies":[{"embeddable":true,"href":"https:\/\/en.debaochina.com\/portuguese\/wp-json\/wp\/v2\/comments?post=22429"}],"version-history":[{"count":0,"href":"https:\/\/en.debaochina.com\/portuguese\/wp-json\/wp\/v2\/pages\/22429\/revisions"}],"up":[{"embeddable":true,"href":"https:\/\/en.debaochina.com\/portuguese\/wp-json\/wp\/v2\/pages\/18841"}],"wp:attachment":[{"href":"https:\/\/en.debaochina.com\/portuguese\/wp-json\/wp\/v2\/media?parent=22429"}],"curies":[{"name":"wp","href":"https:\/\/api.w.org\/{rel}","templated":true}]}}