
{"id":22427,"date":"2023-08-15T17:28:46","date_gmt":"2023-08-15T09:28:46","guid":{"rendered":"http:\/\/ntp.global-jt.com\/?page_id=22427"},"modified":"2025-09-19T16:05:34","modified_gmt":"2025-09-19T08:05:34","slug":"after-sales-support","status":"publish","type":"page","link":"https:\/\/en.debaochina.com\/portuguese\/service\/after-sales-support","title":{"rendered":"Suporte p\u00f3s-venda"},"content":{"rendered":"<div data-elementor-type=\"wp-page\" data-elementor-id=\"22427\" class=\"elementor elementor-22427\">\n\t\t\t\t\t\t<div class=\"elementor-inner\">\n\t\t\t\t<div class=\"elementor-section-wrap\">\n\t\t\t\t\t\t\t\t\t<section class=\"elementor-section elementor-top-section elementor-element elementor-element-889b8be elementor-section-boxed elementor-section-height-default elementor-section-height-default sc_fly_static\" data-id=\"889b8be\" data-element_type=\"section\">\n\t\t\t\t\t\t<div class=\"elementor-container elementor-column-gap-extended\">\n\t\t\t\t\t\t\t<div class=\"elementor-row\">\n\t\t\t\t\t<div class=\"elementor-column elementor-col-100 elementor-top-column elementor-element elementor-element-a0b2619 sc_inner_width_none sc_content_align_inherit sc_layouts_column_icons_position_left sc_fly_static\" data-id=\"a0b2619\" data-element_type=\"column\">\n\t\t\t<div class=\"elementor-column-wrap elementor-element-populated\">\n\t\t\t\t\t\t\t<div class=\"elementor-widget-wrap\">\n\t\t\t\t\t\t<div class=\"elementor-element elementor-element-fb6aaba sc_height_large sc_fly_static elementor-widget elementor-widget-spacer\" data-id=\"fb6aaba\" data-element_type=\"widget\" data-widget_type=\"spacer.default\">\n\t\t\t\t<div class=\"elementor-widget-container\">\n\t\t\t\t\t<div class=\"elementor-spacer\">\n\t\t\t<div class=\"elementor-spacer-inner\"><\/div>\n\t\t<\/div>\n\t\t\t\t<\/div>\n\t\t\t\t<\/div>\n\t\t\t\t<div class=\"elementor-element elementor-element-d138d51 sc_layouts_hide_on_notebook sc_layouts_hide_on_tablet sc_layouts_hide_on_mobile sc_fly_static elementor-widget elementor-widget-spacer\" data-id=\"d138d51\" data-element_type=\"widget\" data-widget_type=\"spacer.default\">\n\t\t\t\t<div class=\"elementor-widget-container\">\n\t\t\t\t\t<div class=\"elementor-spacer\">\n\t\t\t<div class=\"elementor-spacer-inner\"><\/div>\n\t\t<\/div>\n\t\t\t\t<\/div>\n\t\t\t\t<\/div>\n\t\t\t\t<div class=\"elementor-element elementor-element-d9dd02e sc_fly_static elementor-widget elementor-widget-text-editor\" data-id=\"d9dd02e\" data-element_type=\"widget\" data-widget_type=\"text-editor.default\">\n\t\t\t\t<div class=\"elementor-widget-container\">\n\t\t\t\t\t\t\t\t<div class=\"elementor-text-editor elementor-clearfix\">\n\t\t\t\t<p>Movida pela sinceridade, a busca constante da NEW DEBAO por servi\u00e7os profissionais e atenciosos sempre foi o nosso objetivo. O sistema de atendimento \"Satisfa\u00e7\u00e3o 1+1\" tem dura\u00e7\u00e3o de 365 dias e 1 ano, e estaremos ao seu lado sempre que precisar!<\/p>\t\t\t\t\t<\/div>\n\t\t\t\t\t\t<\/div>\n\t\t\t\t<\/div>\n\t\t\t\t<div class=\"elementor-element elementor-element-05b7873 sc_height_small sc_fly_static elementor-widget elementor-widget-spacer\" data-id=\"05b7873\" data-element_type=\"widget\" data-widget_type=\"spacer.default\">\n\t\t\t\t<div class=\"elementor-widget-container\">\n\t\t\t\t\t<div class=\"elementor-spacer\">\n\t\t\t<div class=\"elementor-spacer-inner\"><\/div>\n\t\t<\/div>\n\t\t\t\t<\/div>\n\t\t\t\t<\/div>\n\t\t\t\t\t\t<\/div>\n\t\t\t\t\t<\/div>\n\t\t<\/div>\n\t\t\t\t\t\t\t\t<\/div>\n\t\t\t\t\t<\/div>\n\t\t<\/section>\n\t\t\t\t<section class=\"elementor-section elementor-top-section elementor-element elementor-element-6d20dd2 elementor-section-boxed elementor-section-height-default elementor-section-height-default sc_fly_static\" data-id=\"6d20dd2\" data-element_type=\"section\">\n\t\t\t\t\t\t<div class=\"elementor-container elementor-column-gap-extended\">\n\t\t\t\t\t\t\t<div class=\"elementor-row\">\n\t\t\t\t\t<div class=\"elementor-column elementor-col-100 elementor-top-column elementor-element elementor-element-5c47fda sc_inner_width_none sc_content_align_inherit sc_layouts_column_icons_position_left sc_fly_static\" data-id=\"5c47fda\" data-element_type=\"column\">\n\t\t\t<div class=\"elementor-column-wrap elementor-element-populated\">\n\t\t\t\t\t\t\t<div class=\"elementor-widget-wrap\">\n\t\t\t\t\t\t<div class=\"elementor-element elementor-element-6bd700f sc_fly_static elementor-widget elementor-widget-text-editor\" data-id=\"6bd700f\" data-element_type=\"widget\" data-widget_type=\"text-editor.default\">\n\t\t\t\t<div class=\"elementor-widget-container\">\n\t\t\t\t\t\t\t\t<div class=\"elementor-text-editor elementor-clearfix\">\n\t\t\t\t<p>Por meio de nossa linha direta de atendimento, podemos ajud\u00e1-lo de forma r\u00e1pida e eficaz a resolver problemas, quest\u00f5es de garantia e reclama\u00e7\u00f5es a qualquer momento, economizando tempo e dinheiro. Nesse processo, utilizamos tecnologia de comunica\u00e7\u00e3o moderna ou tecnologia remota.<\/p>\t\t\t\t\t<\/div>\n\t\t\t\t\t\t<\/div>\n\t\t\t\t<\/div>\n\t\t\t\t<div class=\"elementor-element elementor-element-15b99e2 sc_height_small sc_fly_static elementor-widget elementor-widget-spacer\" data-id=\"15b99e2\" data-element_type=\"widget\" data-widget_type=\"spacer.default\">\n\t\t\t\t<div class=\"elementor-widget-container\">\n\t\t\t\t\t<div class=\"elementor-spacer\">\n\t\t\t<div class=\"elementor-spacer-inner\"><\/div>\n\t\t<\/div>\n\t\t\t\t<\/div>\n\t\t\t\t<\/div>\n\t\t\t\t<div class=\"elementor-element elementor-element-1ed8b30 sc_fly_static elementor-widget elementor-widget-heading\" data-id=\"1ed8b30\" data-element_type=\"widget\" data-widget_type=\"heading.default\">\n\t\t\t\t<div class=\"elementor-widget-container\">\n\t\t\t<h5 class=\"elementor-heading-title elementor-size-default\">Suporte t\u00e9cnico<\/h5>\t\t<\/div>\n\t\t\t\t<\/div>\n\t\t\t\t<div class=\"elementor-element elementor-element-4465089 sc_height_tiny sc_fly_static elementor-widget elementor-widget-spacer\" data-id=\"4465089\" data-element_type=\"widget\" data-widget_type=\"spacer.default\">\n\t\t\t\t<div class=\"elementor-widget-container\">\n\t\t\t\t\t<div class=\"elementor-spacer\">\n\t\t\t<div class=\"elementor-spacer-inner\"><\/div>\n\t\t<\/div>\n\t\t\t\t<\/div>\n\t\t\t\t<\/div>\n\t\t\t\t<div class=\"elementor-element elementor-element-9518547 sc_fly_static elementor-widget elementor-widget-text-editor\" data-id=\"9518547\" data-element_type=\"widget\" data-widget_type=\"text-editor.default\">\n\t\t\t\t<div class=\"elementor-widget-container\">\n\t\t\t\t\t\t\t\t<div class=\"elementor-text-editor elementor-clearfix\">\n\t\t\t\t<p>Pessoa de contato: Sra. Li<br \/>N\u00famero de celular: 13868597608<br \/>E-mail: db10@debaochina.com<\/p>\t\t\t\t\t<\/div>\n\t\t\t\t\t\t<\/div>\n\t\t\t\t<\/div>\n\t\t\t\t\t\t<\/div>\n\t\t\t\t\t<\/div>\n\t\t<\/div>\n\t\t\t\t\t\t\t\t<\/div>\n\t\t\t\t\t<\/div>\n\t\t<\/section>\n\t\t\t\t<section class=\"elementor-section elementor-top-section elementor-element elementor-element-d43763f elementor-section-boxed elementor-section-height-default elementor-section-height-default sc_fly_static\" data-id=\"d43763f\" data-element_type=\"section\">\n\t\t\t\t\t\t<div class=\"elementor-container elementor-column-gap-extended\">\n\t\t\t\t\t\t\t<div class=\"elementor-row\">\n\t\t\t\t\t<div class=\"elementor-column elementor-col-100 elementor-top-column elementor-element elementor-element-bc3fed4 sc_inner_width_none sc_content_align_inherit sc_layouts_column_icons_position_left sc_fly_static\" data-id=\"bc3fed4\" data-element_type=\"column\">\n\t\t\t<div class=\"elementor-column-wrap elementor-element-populated\">\n\t\t\t\t\t\t\t<div class=\"elementor-widget-wrap\">\n\t\t\t\t\t\t<div class=\"elementor-element elementor-element-84b7029 sc_fly_static elementor-widget elementor-widget-image\" data-id=\"84b7029\" data-element_type=\"widget\" data-widget_type=\"image.default\">\n\t\t\t\t<div class=\"elementor-widget-container\">\n\t\t\t\t\t\t\t\t<div class=\"elementor-image\">\n\t\t\t\t\t\t\t\t\t\t\t\t<img decoding=\"async\" width=\"1300\" height=\"564\" src=\"https:\/\/i0.wp.com\/en.debaochina.com\/wp-content\/uploads\/2025\/09\/after-sale.jpg?fit=1300%2C564&amp;ssl=1\" class=\"attachment-1536x1536 size-1536x1536 wp-image-25164\" alt=\"\" srcset=\"https:\/\/i0.wp.com\/en.debaochina.com\/wp-content\/uploads\/2025\/09\/after-sale.jpg?w=1300&amp;ssl=1 1300w, https:\/\/i0.wp.com\/en.debaochina.com\/wp-content\/uploads\/2025\/09\/after-sale.jpg?resize=300%2C130&amp;ssl=1 300w, https:\/\/i0.wp.com\/en.debaochina.com\/wp-content\/uploads\/2025\/09\/after-sale.jpg?resize=1024%2C444&amp;ssl=1 1024w, https:\/\/i0.wp.com\/en.debaochina.com\/wp-content\/uploads\/2025\/09\/after-sale.jpg?resize=150%2C65&amp;ssl=1 150w, https:\/\/i0.wp.com\/en.debaochina.com\/wp-content\/uploads\/2025\/09\/after-sale.jpg?resize=768%2C333&amp;ssl=1 768w, https:\/\/i0.wp.com\/en.debaochina.com\/wp-content\/uploads\/2025\/09\/after-sale.jpg?resize=18%2C8&amp;ssl=1 18w, https:\/\/i0.wp.com\/en.debaochina.com\/wp-content\/uploads\/2025\/09\/after-sale.jpg?resize=370%2C161&amp;ssl=1 370w, https:\/\/i0.wp.com\/en.debaochina.com\/wp-content\/uploads\/2025\/09\/after-sale.jpg?resize=840%2C364&amp;ssl=1 840w, https:\/\/i0.wp.com\/en.debaochina.com\/wp-content\/uploads\/2025\/09\/after-sale.jpg?resize=410%2C178&amp;ssl=1 410w, https:\/\/i0.wp.com\/en.debaochina.com\/wp-content\/uploads\/2025\/09\/after-sale.jpg?resize=630%2C273&amp;ssl=1 630w, https:\/\/i0.wp.com\/en.debaochina.com\/wp-content\/uploads\/2025\/09\/after-sale.jpg?resize=600%2C260&amp;ssl=1 600w\" sizes=\"(max-width: 1290px) 100vw, 1290px\" \/>\t\t\t\t\t\t\t\t\t\t\t\t\t\t<\/div>\n\t\t\t\t\t\t<\/div>\n\t\t\t\t<\/div>\n\t\t\t\t\t\t<\/div>\n\t\t\t\t\t<\/div>\n\t\t<\/div>\n\t\t\t\t\t\t\t\t<\/div>\n\t\t\t\t\t<\/div>\n\t\t<\/section>\n\t\t\t\t<section class=\"elementor-section elementor-top-section elementor-element elementor-element-9d92ed7 elementor-section-boxed elementor-section-height-default elementor-section-height-default sc_fly_static\" data-id=\"9d92ed7\" data-element_type=\"section\">\n\t\t\t\t\t\t<div class=\"elementor-container elementor-column-gap-extended\">\n\t\t\t\t\t\t\t<div class=\"elementor-row\">\n\t\t\t\t\t<div class=\"elementor-column elementor-col-100 elementor-top-column elementor-element elementor-element-b779d38 sc_inner_width_none sc_content_align_inherit sc_layouts_column_icons_position_left sc_fly_static\" data-id=\"b779d38\" data-element_type=\"column\">\n\t\t\t<div class=\"elementor-column-wrap\">\n\t\t\t\t\t\t\t<div class=\"elementor-widget-wrap\">\n\t\t\t\t\t\t\t\t<\/div>\n\t\t\t\t\t<\/div>\n\t\t<\/div>\n\t\t\t\t\t\t\t\t<\/div>\n\t\t\t\t\t<\/div>\n\t\t<\/section>\n\t\t\t\t\t\t\t\t\t<\/div>\n\t\t\t<\/div>\n\t\t\t\t\t<\/div>","protected":false},"excerpt":{"rendered":"<p>Moved, originating from sincerity, providing you with professional and thoughtful services has always been the eternal pursuit of NEW DEBAO. The &#8220;Satisfaction 1+1&#8221; service system lasts for 365 days and&hellip;<\/p>","protected":false},"author":1,"featured_media":0,"parent":18841,"menu_order":0,"comment_status":"closed","ping_status":"closed","template":"","meta":{"footnotes":""},"class_list":["post-22427","page","type-page","status-publish","hentry"],"yoast_head":"<!-- This site is optimized with the Yoast SEO plugin v24.0 - https:\/\/yoast.com\/wordpress\/plugins\/seo\/ -->\n<title>After-sales support - Zhejiang New Debao Machine<\/title>\n<meta name=\"robots\" content=\"index, follow, max-snippet:-1, max-image-preview:large, max-video-preview:-1\" \/>\n<link rel=\"canonical\" href=\"https:\/\/en.debaochina.com\/portuguese\/service\/after-sales-support\/\" \/>\n<meta property=\"og:locale\" content=\"pt_BR\" \/>\n<meta property=\"og:type\" content=\"article\" \/>\n<meta property=\"og:title\" content=\"After-sales support - Zhejiang New Debao Machine\" \/>\n<meta property=\"og:description\" content=\"Moved, originating from sincerity, providing you with professional and thoughtful services has always been the eternal pursuit of NEW DEBAO. The &#8220;Satisfaction 1+1&#8221; service system lasts for 365 days and&hellip;\" \/>\n<meta property=\"og:url\" content=\"https:\/\/en.debaochina.com\/portuguese\/service\/after-sales-support\/\" \/>\n<meta property=\"og:site_name\" content=\"Zhejiang New Debao Machine\" \/>\n<meta property=\"article:modified_time\" content=\"2025-09-19T08:05:34+00:00\" \/>\n<meta property=\"og:image\" content=\"http:\/\/en.debaochina.com\/wp-content\/uploads\/2025\/09\/after-sale.jpg\" \/>\n<meta name=\"twitter:card\" content=\"summary_large_image\" \/>\n<meta name=\"twitter:label1\" content=\"Est. tempo de leitura\" \/>\n\t<meta name=\"twitter:data1\" content=\"1 minuto\" \/>\n<script type=\"application\/ld+json\" class=\"yoast-schema-graph\">{\"@context\":\"https:\/\/schema.org\",\"@graph\":[{\"@type\":\"WebPage\",\"@id\":\"https:\/\/en.debaochina.com\/service\/after-sales-support\",\"url\":\"https:\/\/en.debaochina.com\/service\/after-sales-support\",\"name\":\"After-sales support - Zhejiang New Debao Machine\",\"isPartOf\":{\"@id\":\"https:\/\/en.debaochina.com\/#website\"},\"primaryImageOfPage\":{\"@id\":\"https:\/\/en.debaochina.com\/service\/after-sales-support#primaryimage\"},\"image\":{\"@id\":\"https:\/\/en.debaochina.com\/service\/after-sales-support#primaryimage\"},\"thumbnailUrl\":\"http:\/\/en.debaochina.com\/wp-content\/uploads\/2025\/09\/after-sale.jpg\",\"datePublished\":\"2023-08-15T09:28:46+00:00\",\"dateModified\":\"2025-09-19T08:05:34+00:00\",\"breadcrumb\":{\"@id\":\"https:\/\/en.debaochina.com\/service\/after-sales-support#breadcrumb\"},\"inLanguage\":\"pt-BR\",\"potentialAction\":[{\"@type\":\"ReadAction\",\"target\":[\"https:\/\/en.debaochina.com\/service\/after-sales-support\"]}]},{\"@type\":\"ImageObject\",\"inLanguage\":\"pt-BR\",\"@id\":\"https:\/\/en.debaochina.com\/service\/after-sales-support#primaryimage\",\"url\":\"http:\/\/en.debaochina.com\/wp-content\/uploads\/2025\/09\/after-sale.jpg\",\"contentUrl\":\"http:\/\/en.debaochina.com\/wp-content\/uploads\/2025\/09\/after-sale.jpg\"},{\"@type\":\"BreadcrumbList\",\"@id\":\"https:\/\/en.debaochina.com\/service\/after-sales-support#breadcrumb\",\"itemListElement\":[{\"@type\":\"ListItem\",\"position\":1,\"name\":\"\u9996\u9875\",\"item\":\"https:\/\/en.debaochina.com\/\"},{\"@type\":\"ListItem\",\"position\":2,\"name\":\"Service\",\"item\":\"https:\/\/en.debaochina.com\/service\"},{\"@type\":\"ListItem\",\"position\":3,\"name\":\"After-sales support\"}]},{\"@type\":\"WebSite\",\"@id\":\"https:\/\/en.debaochina.com\/#website\",\"url\":\"https:\/\/en.debaochina.com\/\",\"name\":\"Zhejiang New Debao Machine\",\"description\":\"\",\"publisher\":{\"@id\":\"https:\/\/en.debaochina.com\/#organization\"},\"potentialAction\":[{\"@type\":\"SearchAction\",\"target\":{\"@type\":\"EntryPoint\",\"urlTemplate\":\"https:\/\/en.debaochina.com\/?s={search_term_string}\"},\"query-input\":{\"@type\":\"PropertyValueSpecification\",\"valueRequired\":true,\"valueName\":\"search_term_string\"}}],\"inLanguage\":\"pt-BR\"},{\"@type\":\"Organization\",\"@id\":\"https:\/\/en.debaochina.com\/#organization\",\"name\":\"Zhejiang New Debao Machine\",\"url\":\"https:\/\/en.debaochina.com\/\",\"logo\":{\"@type\":\"ImageObject\",\"inLanguage\":\"pt-BR\",\"@id\":\"https:\/\/en.debaochina.com\/#\/schema\/logo\/image\/\",\"url\":\"https:\/\/i0.wp.com\/en.debaochina.com\/wp-content\/uploads\/2023\/04\/logo-1.png?fit=240%2C55&ssl=1\",\"contentUrl\":\"https:\/\/i0.wp.com\/en.debaochina.com\/wp-content\/uploads\/2023\/04\/logo-1.png?fit=240%2C55&ssl=1\",\"width\":240,\"height\":55,\"caption\":\"Zhejiang New Debao Machine\"},\"image\":{\"@id\":\"https:\/\/en.debaochina.com\/#\/schema\/logo\/image\/\"}}]}<\/script>\n<!-- \/ Yoast SEO plugin. -->","yoast_head_json":{"title":"After-sales support - Zhejiang New Debao Machine","robots":{"index":"index","follow":"follow","max-snippet":"max-snippet:-1","max-image-preview":"max-image-preview:large","max-video-preview":"max-video-preview:-1"},"canonical":"https:\/\/en.debaochina.com\/portuguese\/service\/after-sales-support\/","og_locale":"pt_BR","og_type":"article","og_title":"After-sales support - Zhejiang New Debao Machine","og_description":"Moved, originating from sincerity, providing you with professional and thoughtful services has always been the eternal pursuit of NEW DEBAO. The &#8220;Satisfaction 1+1&#8221; service system lasts for 365 days and&hellip;","og_url":"https:\/\/en.debaochina.com\/portuguese\/service\/after-sales-support\/","og_site_name":"Zhejiang New Debao Machine","article_modified_time":"2025-09-19T08:05:34+00:00","og_image":[{"url":"http:\/\/en.debaochina.com\/wp-content\/uploads\/2025\/09\/after-sale.jpg","type":"","width":"","height":""}],"twitter_card":"summary_large_image","twitter_misc":{"Est. tempo de leitura":"1 minuto"},"schema":{"@context":"https:\/\/schema.org","@graph":[{"@type":"WebPage","@id":"https:\/\/en.debaochina.com\/service\/after-sales-support","url":"https:\/\/en.debaochina.com\/service\/after-sales-support","name":"After-sales support - Zhejiang New Debao Machine","isPartOf":{"@id":"https:\/\/en.debaochina.com\/#website"},"primaryImageOfPage":{"@id":"https:\/\/en.debaochina.com\/service\/after-sales-support#primaryimage"},"image":{"@id":"https:\/\/en.debaochina.com\/service\/after-sales-support#primaryimage"},"thumbnailUrl":"http:\/\/en.debaochina.com\/wp-content\/uploads\/2025\/09\/after-sale.jpg","datePublished":"2023-08-15T09:28:46+00:00","dateModified":"2025-09-19T08:05:34+00:00","breadcrumb":{"@id":"https:\/\/en.debaochina.com\/service\/after-sales-support#breadcrumb"},"inLanguage":"pt-BR","potentialAction":[{"@type":"ReadAction","target":["https:\/\/en.debaochina.com\/service\/after-sales-support"]}]},{"@type":"ImageObject","inLanguage":"pt-BR","@id":"https:\/\/en.debaochina.com\/service\/after-sales-support#primaryimage","url":"http:\/\/en.debaochina.com\/wp-content\/uploads\/2025\/09\/after-sale.jpg","contentUrl":"http:\/\/en.debaochina.com\/wp-content\/uploads\/2025\/09\/after-sale.jpg"},{"@type":"BreadcrumbList","@id":"https:\/\/en.debaochina.com\/service\/after-sales-support#breadcrumb","itemListElement":[{"@type":"ListItem","position":1,"name":"\u9996\u9875","item":"https:\/\/en.debaochina.com\/"},{"@type":"ListItem","position":2,"name":"Service","item":"https:\/\/en.debaochina.com\/service"},{"@type":"ListItem","position":3,"name":"After-sales support"}]},{"@type":"WebSite","@id":"https:\/\/en.debaochina.com\/#website","url":"https:\/\/en.debaochina.com\/","name":"Zhejiang New Debao Machine","description":"","publisher":{"@id":"https:\/\/en.debaochina.com\/#organization"},"potentialAction":[{"@type":"SearchAction","target":{"@type":"EntryPoint","urlTemplate":"https:\/\/en.debaochina.com\/?s={search_term_string}"},"query-input":{"@type":"PropertyValueSpecification","valueRequired":true,"valueName":"search_term_string"}}],"inLanguage":"pt-BR"},{"@type":"Organization","@id":"https:\/\/en.debaochina.com\/#organization","name":"Zhejiang New Debao Machine","url":"https:\/\/en.debaochina.com\/","logo":{"@type":"ImageObject","inLanguage":"pt-BR","@id":"https:\/\/en.debaochina.com\/#\/schema\/logo\/image\/","url":"https:\/\/i0.wp.com\/en.debaochina.com\/wp-content\/uploads\/2023\/04\/logo-1.png?fit=240%2C55&ssl=1","contentUrl":"https:\/\/i0.wp.com\/en.debaochina.com\/wp-content\/uploads\/2023\/04\/logo-1.png?fit=240%2C55&ssl=1","width":240,"height":55,"caption":"Zhejiang New Debao Machine"},"image":{"@id":"https:\/\/en.debaochina.com\/#\/schema\/logo\/image\/"}}]}},"_links":{"self":[{"href":"https:\/\/en.debaochina.com\/portuguese\/wp-json\/wp\/v2\/pages\/22427","targetHints":{"allow":["GET"]}}],"collection":[{"href":"https:\/\/en.debaochina.com\/portuguese\/wp-json\/wp\/v2\/pages"}],"about":[{"href":"https:\/\/en.debaochina.com\/portuguese\/wp-json\/wp\/v2\/types\/page"}],"author":[{"embeddable":true,"href":"https:\/\/en.debaochina.com\/portuguese\/wp-json\/wp\/v2\/users\/1"}],"replies":[{"embeddable":true,"href":"https:\/\/en.debaochina.com\/portuguese\/wp-json\/wp\/v2\/comments?post=22427"}],"version-history":[{"count":6,"href":"https:\/\/en.debaochina.com\/portuguese\/wp-json\/wp\/v2\/pages\/22427\/revisions"}],"predecessor-version":[{"id":25171,"href":"https:\/\/en.debaochina.com\/portuguese\/wp-json\/wp\/v2\/pages\/22427\/revisions\/25171"}],"up":[{"embeddable":true,"href":"https:\/\/en.debaochina.com\/portuguese\/wp-json\/wp\/v2\/pages\/18841"}],"wp:attachment":[{"href":"https:\/\/en.debaochina.com\/portuguese\/wp-json\/wp\/v2\/media?parent=22427"}],"curies":[{"name":"wp","href":"https:\/\/api.w.org\/{rel}","templated":true}]}}